{"id":760,"date":"2024-11-26T19:37:14","date_gmt":"2024-11-26T19:37:14","guid":{"rendered":"https:\/\/samariter-linthli.ch\/?page_id=760"},"modified":"2025-02-14T18:10:54","modified_gmt":"2025-02-14T18:10:54","slug":"spenden","status":"publish","type":"page","link":"https:\/\/samariter-linthli.ch\/?page_id=760","title":{"rendered":"Spenden"},"content":{"rendered":"\n<p><mark style=\"background-color:rgba(0, 0, 0, 0)\" class=\"has-inline-color has-black-color\">Der Samariterverein&nbsp;Linthli&nbsp;organisiert&nbsp;Kurse f\u00fcr die Allgemeinheit, Firmen und Schulen.&nbsp;Unsere engagierten Samariter&nbsp;betreuen den Sanit\u00e4tsdienst bei Veranstaltungen&nbsp;und&nbsp;sind mit Herz und Seele&nbsp;f\u00fcr Sie im Einsatz.<\/mark><\/p>\n\n\n\n<p><mark style=\"background-color:rgba(0, 0, 0, 0)\" class=\"has-inline-color has-black-color\">Herzlichen Dank, dass Sie den&nbsp;Samariterverein&nbsp;Linthli&nbsp;mit einer Spende unterst\u00fctzen m\u00f6chten.<\/mark><\/p>\n\n\n\n<figure class=\"wp-block-image size-large\"><img loading=\"lazy\" decoding=\"async\" width=\"1024\" height=\"508\" src=\"https:\/\/samariter-linthli.ch\/wp-content\/uploads\/2025\/02\/Bild-QR-Code-Servicekonto-1024x508.jpeg\" alt=\"\" class=\"wp-image-789\" srcset=\"https:\/\/samariter-linthli.ch\/wp-content\/uploads\/2025\/02\/Bild-QR-Code-Servicekonto-1024x508.jpeg 1024w, https:\/\/samariter-linthli.ch\/wp-content\/uploads\/2025\/02\/Bild-QR-Code-Servicekonto-300x150.jpeg 300w, https:\/\/samariter-linthli.ch\/wp-content\/uploads\/2025\/02\/Bild-QR-Code-Servicekonto-768x381.jpeg 768w, https:\/\/samariter-linthli.ch\/wp-content\/uploads\/2025\/02\/Bild-QR-Code-Servicekonto.jpeg 1123w\" sizes=\"auto, (max-width: 1024px) 100vw, 1024px\" \/><\/figure>\n\n\n\n<p><mark style=\"background-color:rgba(0, 0, 0, 0)\" class=\"has-inline-color has-black-color\">Wollen sie bei uns unverbindlich vorbeischauen dr\u00fccken sie hier<\/mark> <\/p>\n\n\n\n<div class=\"wp-block-buttons is-content-justification-center is-layout-flex wp-container-core-buttons-is-layout-16018d1d wp-block-buttons-is-layout-flex\">\n<div class=\"wp-block-button\"><a class=\"wp-block-button__link has-vivid-red-background-color has-background wp-element-button\" href=\"https:\/\/samariter-linthli.ch\/?page_id=96\">Termine<\/a><\/div>\n<\/div>\n\n\n\n<p><\/p>\n","protected":false},"excerpt":{"rendered":"<p>Der Samariterverein&nbsp;Linthli&nbsp;organisiert&nbsp;Kurse f\u00fcr die Allgemeinheit, Firmen und Schulen.&nbsp;Unsere engagierten Samariter&nbsp;betreuen den Sanit\u00e4tsdienst bei Veranstaltungen&nbsp;und&nbsp;sind mit Herz und Seele&nbsp;f\u00fcr Sie im Einsatz. Herzlichen Dank, dass Sie den&nbsp;Samariterverein&nbsp;Linthli&nbsp;mit einer Spende unterst\u00fctzen m\u00f6chten. &#8230;<\/p>\n","protected":false},"author":1,"featured_media":0,"parent":0,"menu_order":0,"comment_status":"closed","ping_status":"closed","template":"","meta":{"footnotes":""},"class_list":["post-760","page","type-page","status-publish","hentry"],"_links":{"self":[{"href":"https:\/\/samariter-linthli.ch\/index.php?rest_route=\/wp\/v2\/pages\/760","targetHints":{"allow":["GET"]}}],"collection":[{"href":"https:\/\/samariter-linthli.ch\/index.php?rest_route=\/wp\/v2\/pages"}],"about":[{"href":"https:\/\/samariter-linthli.ch\/index.php?rest_route=\/wp\/v2\/types\/page"}],"author":[{"embeddable":true,"href":"https:\/\/samariter-linthli.ch\/index.php?rest_route=\/wp\/v2\/users\/1"}],"replies":[{"embeddable":true,"href":"https:\/\/samariter-linthli.ch\/index.php?rest_route=%2Fwp%2Fv2%2Fcomments&post=760"}],"version-history":[{"count":15,"href":"https:\/\/samariter-linthli.ch\/index.php?rest_route=\/wp\/v2\/pages\/760\/revisions"}],"predecessor-version":[{"id":791,"href":"https:\/\/samariter-linthli.ch\/index.php?rest_route=\/wp\/v2\/pages\/760\/revisions\/791"}],"wp:attachment":[{"href":"https:\/\/samariter-linthli.ch\/index.php?rest_route=%2Fwp%2Fv2%2Fmedia&parent=760"}],"curies":[{"name":"wp","href":"https:\/\/api.w.org\/{rel}","templated":true}]}}