{"id":57,"date":"2020-03-19T09:46:25","date_gmt":"2020-03-19T09:46:25","guid":{"rendered":"https:\/\/samariter-linthli.ch\/?page_id=57"},"modified":"2025-06-19T06:20:31","modified_gmt":"2025-06-19T06:20:31","slug":"verein","status":"publish","type":"page","link":"https:\/\/samariter-linthli.ch\/?page_id=57","title":{"rendered":"Verein"},"content":{"rendered":"\n<p class=\"has-text-color\" style=\"color:#000000\">Der Samariterverein Linthli entstand aus der Fusion der beiden Samaritervereine von Oberurnen und Niederurnen.<\/p>\n\n\n\n<p class=\"has-text-color\" style=\"color:#000000\">An der Gr\u00fcndungsversammlung vom 16.2.2008 wurde der neue Samariterverein gegr\u00fcndet. Linthli ist das Fl\u00fcsschen, dass durch beide Gemeinden fliesst. Diese Gew\u00e4sser findet sich auch im Vereinslogo des Samaritervereins Linthli wieder.<\/p>\n\n\n\n<p class=\"has-text-color\" style=\"color:#ff0000\"><a href=\"https:\/\/samariter-linthli.ch\/?page_id=96\" target=\"_blank\" rel=\"noreferrer noopener\">Unser Programm<\/a><\/p>\n\n\n\n<figure class=\"wp-block-image size-large is-resized\"><img loading=\"lazy\" decoding=\"async\" width=\"1024\" height=\"708\" src=\"https:\/\/samariter-linthli.ch\/wp-content\/uploads\/2025\/06\/Samariterverein-Linthl-1-1024x708.jpg\" alt=\"\" class=\"wp-image-836\" style=\"width:426px;height:283px\" srcset=\"https:\/\/samariter-linthli.ch\/wp-content\/uploads\/2025\/06\/Samariterverein-Linthl-1-1024x708.jpg 1024w, https:\/\/samariter-linthli.ch\/wp-content\/uploads\/2025\/06\/Samariterverein-Linthl-1-300x207.jpg 300w, https:\/\/samariter-linthli.ch\/wp-content\/uploads\/2025\/06\/Samariterverein-Linthl-1-768x531.jpg 768w, https:\/\/samariter-linthli.ch\/wp-content\/uploads\/2025\/06\/Samariterverein-Linthl-1-1536x1062.jpg 1536w, https:\/\/samariter-linthli.ch\/wp-content\/uploads\/2025\/06\/Samariterverein-Linthl-1.jpg 1622w\" sizes=\"auto, (max-width: 1024px) 100vw, 1024px\" \/><\/figure>\n","protected":false},"excerpt":{"rendered":"<p>Der Samariterverein Linthli entstand aus der Fusion der beiden Samaritervereine von Oberurnen und Niederurnen. An der Gr\u00fcndungsversammlung vom 16.2.2008 wurde der neue Samariterverein gegr\u00fcndet. Linthli ist das Fl\u00fcsschen, dass durch &#8230;<\/p>\n","protected":false},"author":1,"featured_media":0,"parent":0,"menu_order":0,"comment_status":"closed","ping_status":"closed","template":"","meta":{"footnotes":""},"class_list":["post-57","page","type-page","status-publish","hentry"],"_links":{"self":[{"href":"https:\/\/samariter-linthli.ch\/index.php?rest_route=\/wp\/v2\/pages\/57","targetHints":{"allow":["GET"]}}],"collection":[{"href":"https:\/\/samariter-linthli.ch\/index.php?rest_route=\/wp\/v2\/pages"}],"about":[{"href":"https:\/\/samariter-linthli.ch\/index.php?rest_route=\/wp\/v2\/types\/page"}],"author":[{"embeddable":true,"href":"https:\/\/samariter-linthli.ch\/index.php?rest_route=\/wp\/v2\/users\/1"}],"replies":[{"embeddable":true,"href":"https:\/\/samariter-linthli.ch\/index.php?rest_route=%2Fwp%2Fv2%2Fcomments&post=57"}],"version-history":[{"count":13,"href":"https:\/\/samariter-linthli.ch\/index.php?rest_route=\/wp\/v2\/pages\/57\/revisions"}],"predecessor-version":[{"id":837,"href":"https:\/\/samariter-linthli.ch\/index.php?rest_route=\/wp\/v2\/pages\/57\/revisions\/837"}],"wp:attachment":[{"href":"https:\/\/samariter-linthli.ch\/index.php?rest_route=%2Fwp%2Fv2%2Fmedia&parent=57"}],"curies":[{"name":"wp","href":"https:\/\/api.w.org\/{rel}","templated":true}]}}