{"id":49,"date":"2020-03-19T09:41:25","date_gmt":"2020-03-19T09:41:25","guid":{"rendered":"https:\/\/samariter-linthli.ch\/?page_id=49"},"modified":"2025-06-19T15:51:40","modified_gmt":"2025-06-19T15:51:40","slug":"service","status":"publish","type":"page","link":"https:\/\/samariter-linthli.ch\/?page_id=49","title":{"rendered":"Postendienst"},"content":{"rendered":"\n<figure class=\"wp-block-image size-large is-resized\"><img loading=\"lazy\" decoding=\"async\" width=\"1024\" height=\"554\" src=\"https:\/\/samariter-linthli.ch\/wp-content\/uploads\/2025\/06\/Postendienst-1024x554.jpg\" alt=\"\" class=\"wp-image-850\" style=\"width:388px;height:auto\" srcset=\"https:\/\/samariter-linthli.ch\/wp-content\/uploads\/2025\/06\/Postendienst-1024x554.jpg 1024w, https:\/\/samariter-linthli.ch\/wp-content\/uploads\/2025\/06\/Postendienst-300x162.jpg 300w, https:\/\/samariter-linthli.ch\/wp-content\/uploads\/2025\/06\/Postendienst-768x416.jpg 768w, https:\/\/samariter-linthli.ch\/wp-content\/uploads\/2025\/06\/Postendienst-1536x832.jpg 1536w, https:\/\/samariter-linthli.ch\/wp-content\/uploads\/2025\/06\/Postendienst-2048x1109.jpg 2048w\" sizes=\"auto, (max-width: 1024px) 100vw, 1024px\" \/><\/figure>\n\n\n\n<h3 class=\"wp-block-heading\">Wo ist ein Samariterposten sinnvoll !!!<\/h3>\n\n\n\n<h4 class=\"wp-block-heading has-text-color\" style=\"color:#000000\">Haben Sie eine Veranstaltung bei der mindestens eine der folgenden Voraussetzungen gegeben ist?<\/h4>\n\n\n\n<p class=\"has-text-color\" style=\"color:#000000\">&#8230; mehrere Personen als Zuschauer oder Aktive <\/p>\n\n\n\n<p class=\"has-text-color\" style=\"color:#000000\">&#8230; weitl\u00e4ufiges Veranstaltungsgel\u00e4nde<\/p>\n\n\n\n<p class=\"has-text-color\" style=\"color:#000000\">&#8230; Risikopersonen als Aktive oder Zuschauer an der Veranstaltung<\/p>\n\n\n\n<p class=\"has-text-color\" style=\"color:#000000\">&#8230; \u00e4ussere Umst\u00e4nde welche ein Unfallrisiko erh\u00f6hen<\/p>\n\n\n\n<p class=\"has-text-color\" style=\"color:#000000\">&#8230; Veranstaltungen welche ein Unfallrisiko bringt<\/p>\n\n\n\n<h4 class=\"wp-block-heading has-text-color\" style=\"color:#000000\">sollte eine oder mehrere Voraussetzungen zutreffen, so sollten Sie sich \u00fcber einen Einsatz der Samariter Gedanken machen. Wir k\u00f6nnen ihnen, nach einer Beurteilung des Risikos d\u00fcr ihre Veranstaltung, eine darauf zugeschnittene Offerte zukommen lassen.<\/h4>\n\n\n\n<h4 class=\"wp-block-heading has-text-color\" style=\"color:#000000\">Postendienst Anfrage: <a href=\"https:\/\/samariter-linthli.ch\/?page_id=147\">Formular<\/a><\/h4>\n\n\n\n<div style=\"height:194px\" aria-hidden=\"true\" class=\"wp-block-spacer\"><\/div>\n","protected":false},"excerpt":{"rendered":"<p>Wo ist ein Samariterposten sinnvoll !!! Haben Sie eine Veranstaltung bei der mindestens eine der folgenden Voraussetzungen gegeben ist? &#8230; mehrere Personen als Zuschauer oder Aktive &#8230; weitl\u00e4ufiges Veranstaltungsgel\u00e4nde &#8230; &#8230;<\/p>\n","protected":false},"author":1,"featured_media":0,"parent":0,"menu_order":0,"comment_status":"closed","ping_status":"closed","template":"","meta":{"footnotes":""},"class_list":["post-49","page","type-page","status-publish","hentry"],"_links":{"self":[{"href":"https:\/\/samariter-linthli.ch\/index.php?rest_route=\/wp\/v2\/pages\/49","targetHints":{"allow":["GET"]}}],"collection":[{"href":"https:\/\/samariter-linthli.ch\/index.php?rest_route=\/wp\/v2\/pages"}],"about":[{"href":"https:\/\/samariter-linthli.ch\/index.php?rest_route=\/wp\/v2\/types\/page"}],"author":[{"embeddable":true,"href":"https:\/\/samariter-linthli.ch\/index.php?rest_route=\/wp\/v2\/users\/1"}],"replies":[{"embeddable":true,"href":"https:\/\/samariter-linthli.ch\/index.php?rest_route=%2Fwp%2Fv2%2Fcomments&post=49"}],"version-history":[{"count":10,"href":"https:\/\/samariter-linthli.ch\/index.php?rest_route=\/wp\/v2\/pages\/49\/revisions"}],"predecessor-version":[{"id":852,"href":"https:\/\/samariter-linthli.ch\/index.php?rest_route=\/wp\/v2\/pages\/49\/revisions\/852"}],"wp:attachment":[{"href":"https:\/\/samariter-linthli.ch\/index.php?rest_route=%2Fwp%2Fv2%2Fmedia&parent=49"}],"curies":[{"name":"wp","href":"https:\/\/api.w.org\/{rel}","templated":true}]}}