{"id":2,"date":"2020-03-19T08:41:29","date_gmt":"2020-03-19T08:41:29","guid":{"rendered":"https:\/\/samariter-linthli.ch\/?page_id=2"},"modified":"2020-03-19T12:56:10","modified_gmt":"2020-03-19T12:56:10","slug":"sample-page","status":"publish","type":"page","link":"https:\/\/samariter-linthli.ch\/","title":{"rendered":"Home"},"content":{"rendered":"\n<h3 class=\"wp-block-heading\"><em>Momentan befindet sich diese Seite im Aufbau<\/em><\/h3>\n\n\n\n<p style=\"background-color:#ffffff;color:#000000\" class=\"has-text-color has-background has-text-align-left\">Unsere Freizeit f\u00fcr ihre Gesundheit<\/p>\n\n\n\n<p class=\"has-text-color has-medium-font-size has-very-dark-gray-color\"><strong>Hilfreiche Seiten<\/strong><\/p>\n\n\n\n<p style=\"color:#000000\" class=\"has-text-color\"><a href=\"http:\/\/www.zecken.ch\/\">Zecken.ch<\/a><\/p>\n\n\n\n<p style=\"color:#000000\" class=\"has-text-color\"><a href=\"https:\/\/www.bag.admin.ch\/bag\/de\/home\/krankheiten\/ausbrueche-epidemien-pandemien\/aktuelle-ausbrueche-epidemien\/novel-cov.html\">BAG (Covid-19)<\/a><\/p>\n\n\n\n<div style=\"height:41px\" aria-hidden=\"true\" class=\"wp-block-spacer\"><\/div>\n\n\n\n<h2 class=\"wp-block-heading\">Unsere N\u00e4chste <a href=\"https:\/\/samariter-linthli.ch\/?page_id=96\">\u00dcbung<\/a><\/h2>\n\n\n\n<p style=\"color:#000000\" class=\"has-text-color\">Momentan finden aufgrund des Covid-19 Virus keine \u00dcbungen und Kurse statt.<\/p>\n\n\n\n<div style=\"height:41px\" aria-hidden=\"true\" class=\"wp-block-spacer\"><\/div>\n\n\n\n<h2 class=\"wp-block-heading\">Unsere n\u00e4chsten Kurse<\/h2>\n\n\n\n<p style=\"color:#000000\" class=\"has-text-color\">Info zu Kursen finden sie unter   <a href=\"https:\/\/www.samariter-gl.ch\/kurse.html\">https:\/\/www.samariter-gl.ch\/kurse.html<\/a> <\/p>\n","protected":false},"excerpt":{"rendered":"<p>Momentan befindet sich diese Seite im Aufbau Unsere Freizeit f\u00fcr ihre Gesundheit Hilfreiche Seiten Zecken.ch BAG (Covid-19) Unsere N\u00e4chste \u00dcbung Momentan finden aufgrund des Covid-19 Virus keine \u00dcbungen und Kurse &#8230;<\/p>\n","protected":false},"author":1,"featured_media":0,"parent":0,"menu_order":0,"comment_status":"closed","ping_status":"closed","template":"template-frontpage.php","meta":{"footnotes":""},"class_list":["post-2","page","type-page","status-publish","hentry"],"_links":{"self":[{"href":"https:\/\/samariter-linthli.ch\/index.php?rest_route=\/wp\/v2\/pages\/2","targetHints":{"allow":["GET"]}}],"collection":[{"href":"https:\/\/samariter-linthli.ch\/index.php?rest_route=\/wp\/v2\/pages"}],"about":[{"href":"https:\/\/samariter-linthli.ch\/index.php?rest_route=\/wp\/v2\/types\/page"}],"author":[{"embeddable":true,"href":"https:\/\/samariter-linthli.ch\/index.php?rest_route=\/wp\/v2\/users\/1"}],"replies":[{"embeddable":true,"href":"https:\/\/samariter-linthli.ch\/index.php?rest_route=%2Fwp%2Fv2%2Fcomments&post=2"}],"version-history":[{"count":22,"href":"https:\/\/samariter-linthli.ch\/index.php?rest_route=\/wp\/v2\/pages\/2\/revisions"}],"predecessor-version":[{"id":109,"href":"https:\/\/samariter-linthli.ch\/index.php?rest_route=\/wp\/v2\/pages\/2\/revisions\/109"}],"wp:attachment":[{"href":"https:\/\/samariter-linthli.ch\/index.php?rest_route=%2Fwp%2Fv2%2Fmedia&parent=2"}],"curies":[{"name":"wp","href":"https:\/\/api.w.org\/{rel}","templated":true}]}}